{"id":4024,"date":"2026-01-18T17:12:40","date_gmt":"2026-01-18T17:12:40","guid":{"rendered":"https:\/\/xn--josborralho-dbb.com\/?post_type=product&#038;p=4024"},"modified":"2026-01-18T19:11:13","modified_gmt":"2026-01-18T19:11:13","slug":"mesa-para-tres","status":"publish","type":"product","link":"https:\/\/xn--josborralho-dbb.com\/index.php\/product\/mesa-para-tres\/","title":{"rendered":"Mesa para Tr\u00eas"},"content":{"rendered":"<h4 class=\"subtitle\">Um <i>brunch<\/i> entre o Herege, Deus e o Diabo<\/h4>\n<p>Um ensaio sat\u00e2nico em jejum<\/p>\n<p>E se Deus e o Diabo trocassem os p\u00falpitos e os infernos por um caf\u00e9 <i>hipster<\/i>?<br \/>\nE se, ao lado deles, se sentasse um herege pronto a mastigar d\u00favidas e a rir-se do que ningu\u00e9m ousa?<\/p>\n<p>Num <i>brunch<\/i> improv\u00e1vel, servem-se panquecas sem gl\u00faten, caf\u00e9s de filtro e conversas sobre f\u00e9, moralidade, tecnologia, espiritualidade pop e o absurdo da exist\u00eancia. Entre sarcasmo e revela\u00e7\u00f5es, este encontro desmonta \u00eddolos, exp\u00f5e contradi\u00e7\u00f5es e obriga-nos a rir daquilo que sempre lev\u00e1mos demasiado a s\u00e9rio.<\/p>\n<p>Este n\u00e3o \u00e9 um livro sobre religi\u00e3o. \u00c9 sobre n\u00f3s, as nossas cren\u00e7as fr\u00e1geis, as nossas certezas descart\u00e1veis e a estranha mania de procurar sentido at\u00e9 na espuma do cappuccino. Se alguma vez tiveste vontade de fazer perguntas <i>proibidas<\/i>, de rir no meio de um serm\u00e3o ou de brindar ao caos da vida, ent\u00e3o este lugar \u00e0 mesa \u00e9 teu.<\/p>\n","protected":false},"excerpt":{"rendered":"<p>E se Deus e o Diabo trocassem os p\u00falpitos e os infernos por um caf\u00e9 <i>hipster<\/i>?<br \/>\nE se, ao lado deles, se sentasse um herege pronto a mastigar d\u00favidas e a rir-se do que ningu\u00e9m ousa?<\/p>\n<p>Num <i>brunch<\/i> improv\u00e1vel, servem-se panquecas sem gl\u00faten, caf\u00e9s de filtro e conversas sobre f\u00e9, moralidade, tecnologia, espiritualidade pop e o absurdo da exist\u00eancia. Entre sarcasmo e revela\u00e7\u00f5es, este encontro desmonta \u00eddolos, exp\u00f5e contradi\u00e7\u00f5es e obriga-nos a rir daquilo que sempre lev\u00e1mos demasiado a s\u00e9rio.<\/p>\n<p>Este n\u00e3o \u00e9 um livro sobre religi\u00e3o. \u00c9 sobre n\u00f3s, as nossas cren\u00e7as fr\u00e1geis, as nossas certezas descart\u00e1veis e a estranha mania de procurar sentido at\u00e9 na espuma do cappuccino. Se alguma vez tiveste vontade de fazer perguntas <i>proibidas<\/i>, de rir no meio de um serm\u00e3o ou de brindar ao caos da vida, ent\u00e3o este lugar \u00e0 mesa \u00e9 teu.<\/p>\n","protected":false},"featured_media":4025,"comment_status":"open","ping_status":"closed","template":"","meta":[],"product_brand":[],"product_cat":[52],"product_tag":[],"class_list":{"0":"post-4024","1":"product","2":"type-product","3":"status-publish","4":"has-post-thumbnail","6":"product_cat-livros","8":"first","9":"instock","10":"shipping-taxable","11":"purchasable","12":"product-type-simple"},"yoast_head":"<!-- This site is optimized with the Yoast SEO plugin v27.4 - https:\/\/yoast.com\/product\/yoast-seo-wordpress\/ -->\n<title>Mesa para Tr\u00eas - Jos\u00e9 Borralho<\/title>\n<meta name=\"description\" content=\"Num brunch, servem-se panquecas sem gl\u00faten, caf\u00e9s de filtro e conversas sobre f\u00e9, moralidade, tecnologia, espiritualidade pop e o absurdo da exist\u00eancia.\" \/>\n<meta name=\"robots\" content=\"index, follow, max-snippet:-1, max-image-preview:large, max-video-preview:-1\" \/>\n<link rel=\"canonical\" href=\"https:\/\/xn--josborralho-dbb.com\/index.php\/product\/mesa-para-tres\/\" \/>\n<meta property=\"og:locale\" content=\"pt_PT\" \/>\n<meta property=\"og:type\" content=\"article\" \/>\n<meta property=\"og:title\" content=\"Mesa para Tr\u00eas - Jos\u00e9 Borralho\" \/>\n<meta property=\"og:description\" content=\"Num brunch, servem-se panquecas sem gl\u00faten, caf\u00e9s de filtro e conversas sobre f\u00e9, moralidade, tecnologia, espiritualidade pop e o absurdo da exist\u00eancia.\" \/>\n<meta property=\"og:url\" content=\"https:\/\/xn--josborralho-dbb.com\/index.php\/product\/mesa-para-tres\/\" \/>\n<meta property=\"og:site_name\" content=\"Jos\u00e9 Borralho\" \/>\n<meta property=\"article:modified_time\" content=\"2026-01-18T19:11:13+00:00\" \/>\n<meta property=\"og:image\" content=\"https:\/\/xn--josborralho-dbb.com\/wp-content\/uploads\/2026\/01\/capa-livro-mesa-para-tres.webp\" \/>\n\t<meta property=\"og:image:width\" content=\"830\" \/>\n\t<meta property=\"og:image:height\" content=\"1102\" \/>\n\t<meta property=\"og:image:type\" content=\"image\/webp\" \/>\n<meta name=\"twitter:card\" content=\"summary_large_image\" \/>\n<meta name=\"twitter:label1\" content=\"Tempo estimado de leitura\" \/>\n\t<meta name=\"twitter:data1\" content=\"2 minutos\" \/>\n<script type=\"application\/ld+json\" class=\"yoast-schema-graph\">{\"@context\":\"https:\\\/\\\/schema.org\",\"@graph\":[{\"@type\":\"WebPage\",\"@id\":\"https:\\\/\\\/xn--josborralho-dbb.com\\\/index.php\\\/product\\\/mesa-para-tres\\\/\",\"url\":\"https:\\\/\\\/xn--josborralho-dbb.com\\\/index.php\\\/product\\\/mesa-para-tres\\\/\",\"name\":\"Mesa para Tr\u00eas - Jos\u00e9 Borralho\",\"isPartOf\":{\"@id\":\"https:\\\/\\\/xn--josborralho-dbb.com\\\/#website\"},\"primaryImageOfPage\":{\"@id\":\"https:\\\/\\\/xn--josborralho-dbb.com\\\/index.php\\\/product\\\/mesa-para-tres\\\/#primaryimage\"},\"image\":{\"@id\":\"https:\\\/\\\/xn--josborralho-dbb.com\\\/index.php\\\/product\\\/mesa-para-tres\\\/#primaryimage\"},\"thumbnailUrl\":\"https:\\\/\\\/xn--josborralho-dbb.com\\\/wp-content\\\/uploads\\\/2026\\\/01\\\/capa-livro-mesa-para-tres.webp\",\"datePublished\":\"2026-01-18T17:12:40+00:00\",\"dateModified\":\"2026-01-18T19:11:13+00:00\",\"description\":\"Num brunch, servem-se panquecas sem gl\u00faten, caf\u00e9s de filtro e conversas sobre f\u00e9, moralidade, tecnologia, espiritualidade pop e o absurdo da exist\u00eancia.\",\"breadcrumb\":{\"@id\":\"https:\\\/\\\/xn--josborralho-dbb.com\\\/index.php\\\/product\\\/mesa-para-tres\\\/#breadcrumb\"},\"inLanguage\":\"pt-PT\",\"potentialAction\":[{\"@type\":\"ReadAction\",\"target\":[\"https:\\\/\\\/xn--josborralho-dbb.com\\\/index.php\\\/product\\\/mesa-para-tres\\\/\"]}]},{\"@type\":\"ImageObject\",\"inLanguage\":\"pt-PT\",\"@id\":\"https:\\\/\\\/xn--josborralho-dbb.com\\\/index.php\\\/product\\\/mesa-para-tres\\\/#primaryimage\",\"url\":\"https:\\\/\\\/xn--josborralho-dbb.com\\\/wp-content\\\/uploads\\\/2026\\\/01\\\/capa-livro-mesa-para-tres.webp\",\"contentUrl\":\"https:\\\/\\\/xn--josborralho-dbb.com\\\/wp-content\\\/uploads\\\/2026\\\/01\\\/capa-livro-mesa-para-tres.webp\",\"width\":830,\"height\":1102,\"caption\":\"Capa do livro mesa para tr\u00eas de Jos\u00e9 Borralho.\"},{\"@type\":\"BreadcrumbList\",\"@id\":\"https:\\\/\\\/xn--josborralho-dbb.com\\\/index.php\\\/product\\\/mesa-para-tres\\\/#breadcrumb\",\"itemListElement\":[{\"@type\":\"ListItem\",\"position\":1,\"name\":\"Home\",\"item\":\"https:\\\/\\\/xn--josborralho-dbb.com\\\/\"},{\"@type\":\"ListItem\",\"position\":2,\"name\":\"Shop\",\"item\":\"https:\\\/\\\/xn--josborralho-dbb.com\\\/index.php\\\/shop\\\/\"},{\"@type\":\"ListItem\",\"position\":3,\"name\":\"Mesa para Tr\u00eas\"}]},{\"@type\":\"WebSite\",\"@id\":\"https:\\\/\\\/xn--josborralho-dbb.com\\\/#website\",\"url\":\"https:\\\/\\\/xn--josborralho-dbb.com\\\/\",\"name\":\"Jos\u00e9 Borralho\",\"description\":\"\",\"publisher\":{\"@id\":\"https:\\\/\\\/xn--josborralho-dbb.com\\\/#\\\/schema\\\/person\\\/ec43766835ccdbd9bd50ade387e970ed\"},\"potentialAction\":[{\"@type\":\"SearchAction\",\"target\":{\"@type\":\"EntryPoint\",\"urlTemplate\":\"https:\\\/\\\/xn--josborralho-dbb.com\\\/?s={search_term_string}\"},\"query-input\":{\"@type\":\"PropertyValueSpecification\",\"valueRequired\":true,\"valueName\":\"search_term_string\"}}],\"inLanguage\":\"pt-PT\"},{\"@type\":[\"Person\",\"Organization\"],\"@id\":\"https:\\\/\\\/xn--josborralho-dbb.com\\\/#\\\/schema\\\/person\\\/ec43766835ccdbd9bd50ade387e970ed\",\"name\":\"Jos\u00e9 Borralho\",\"image\":{\"@type\":\"ImageObject\",\"inLanguage\":\"pt-PT\",\"@id\":\"https:\\\/\\\/xn--josborralho-dbb.com\\\/wp-content\\\/uploads\\\/2025\\\/09\\\/Logo-joseborralho_300.webp\",\"url\":\"https:\\\/\\\/xn--josborralho-dbb.com\\\/wp-content\\\/uploads\\\/2025\\\/09\\\/Logo-joseborralho_300.webp\",\"contentUrl\":\"https:\\\/\\\/xn--josborralho-dbb.com\\\/wp-content\\\/uploads\\\/2025\\\/09\\\/Logo-joseborralho_300.webp\",\"width\":300,\"height\":116,\"caption\":\"Jos\u00e9 Borralho\"},\"logo\":{\"@id\":\"https:\\\/\\\/xn--josborralho-dbb.com\\\/wp-content\\\/uploads\\\/2025\\\/09\\\/Logo-joseborralho_300.webp\"},\"sameAs\":[\"http:\\\/\\\/www.jos\u00e9borralho.com\"]}]}<\/script>\n<!-- \/ Yoast SEO plugin. -->","yoast_head_json":{"title":"Mesa para Tr\u00eas - Jos\u00e9 Borralho","description":"Num brunch, servem-se panquecas sem gl\u00faten, caf\u00e9s de filtro e conversas sobre f\u00e9, moralidade, tecnologia, espiritualidade pop e o absurdo da exist\u00eancia.","robots":{"index":"index","follow":"follow","max-snippet":"max-snippet:-1","max-image-preview":"max-image-preview:large","max-video-preview":"max-video-preview:-1"},"canonical":"https:\/\/xn--josborralho-dbb.com\/index.php\/product\/mesa-para-tres\/","og_locale":"pt_PT","og_type":"article","og_title":"Mesa para Tr\u00eas - Jos\u00e9 Borralho","og_description":"Num brunch, servem-se panquecas sem gl\u00faten, caf\u00e9s de filtro e conversas sobre f\u00e9, moralidade, tecnologia, espiritualidade pop e o absurdo da exist\u00eancia.","og_url":"https:\/\/xn--josborralho-dbb.com\/index.php\/product\/mesa-para-tres\/","og_site_name":"Jos\u00e9 Borralho","article_modified_time":"2026-01-18T19:11:13+00:00","og_image":[{"width":830,"height":1102,"url":"https:\/\/xn--josborralho-dbb.com\/wp-content\/uploads\/2026\/01\/capa-livro-mesa-para-tres.webp","type":"image\/webp"}],"twitter_card":"summary_large_image","twitter_misc":{"Tempo estimado de leitura":"2 minutos"},"schema":{"@context":"https:\/\/schema.org","@graph":[{"@type":"WebPage","@id":"https:\/\/xn--josborralho-dbb.com\/index.php\/product\/mesa-para-tres\/","url":"https:\/\/xn--josborralho-dbb.com\/index.php\/product\/mesa-para-tres\/","name":"Mesa para Tr\u00eas - Jos\u00e9 Borralho","isPartOf":{"@id":"https:\/\/xn--josborralho-dbb.com\/#website"},"primaryImageOfPage":{"@id":"https:\/\/xn--josborralho-dbb.com\/index.php\/product\/mesa-para-tres\/#primaryimage"},"image":{"@id":"https:\/\/xn--josborralho-dbb.com\/index.php\/product\/mesa-para-tres\/#primaryimage"},"thumbnailUrl":"https:\/\/xn--josborralho-dbb.com\/wp-content\/uploads\/2026\/01\/capa-livro-mesa-para-tres.webp","datePublished":"2026-01-18T17:12:40+00:00","dateModified":"2026-01-18T19:11:13+00:00","description":"Num brunch, servem-se panquecas sem gl\u00faten, caf\u00e9s de filtro e conversas sobre f\u00e9, moralidade, tecnologia, espiritualidade pop e o absurdo da exist\u00eancia.","breadcrumb":{"@id":"https:\/\/xn--josborralho-dbb.com\/index.php\/product\/mesa-para-tres\/#breadcrumb"},"inLanguage":"pt-PT","potentialAction":[{"@type":"ReadAction","target":["https:\/\/xn--josborralho-dbb.com\/index.php\/product\/mesa-para-tres\/"]}]},{"@type":"ImageObject","inLanguage":"pt-PT","@id":"https:\/\/xn--josborralho-dbb.com\/index.php\/product\/mesa-para-tres\/#primaryimage","url":"https:\/\/xn--josborralho-dbb.com\/wp-content\/uploads\/2026\/01\/capa-livro-mesa-para-tres.webp","contentUrl":"https:\/\/xn--josborralho-dbb.com\/wp-content\/uploads\/2026\/01\/capa-livro-mesa-para-tres.webp","width":830,"height":1102,"caption":"Capa do livro mesa para tr\u00eas de Jos\u00e9 Borralho."},{"@type":"BreadcrumbList","@id":"https:\/\/xn--josborralho-dbb.com\/index.php\/product\/mesa-para-tres\/#breadcrumb","itemListElement":[{"@type":"ListItem","position":1,"name":"Home","item":"https:\/\/xn--josborralho-dbb.com\/"},{"@type":"ListItem","position":2,"name":"Shop","item":"https:\/\/xn--josborralho-dbb.com\/index.php\/shop\/"},{"@type":"ListItem","position":3,"name":"Mesa para Tr\u00eas"}]},{"@type":"WebSite","@id":"https:\/\/xn--josborralho-dbb.com\/#website","url":"https:\/\/xn--josborralho-dbb.com\/","name":"Jos\u00e9 Borralho","description":"","publisher":{"@id":"https:\/\/xn--josborralho-dbb.com\/#\/schema\/person\/ec43766835ccdbd9bd50ade387e970ed"},"potentialAction":[{"@type":"SearchAction","target":{"@type":"EntryPoint","urlTemplate":"https:\/\/xn--josborralho-dbb.com\/?s={search_term_string}"},"query-input":{"@type":"PropertyValueSpecification","valueRequired":true,"valueName":"search_term_string"}}],"inLanguage":"pt-PT"},{"@type":["Person","Organization"],"@id":"https:\/\/xn--josborralho-dbb.com\/#\/schema\/person\/ec43766835ccdbd9bd50ade387e970ed","name":"Jos\u00e9 Borralho","image":{"@type":"ImageObject","inLanguage":"pt-PT","@id":"https:\/\/xn--josborralho-dbb.com\/wp-content\/uploads\/2025\/09\/Logo-joseborralho_300.webp","url":"https:\/\/xn--josborralho-dbb.com\/wp-content\/uploads\/2025\/09\/Logo-joseborralho_300.webp","contentUrl":"https:\/\/xn--josborralho-dbb.com\/wp-content\/uploads\/2025\/09\/Logo-joseborralho_300.webp","width":300,"height":116,"caption":"Jos\u00e9 Borralho"},"logo":{"@id":"https:\/\/xn--josborralho-dbb.com\/wp-content\/uploads\/2025\/09\/Logo-joseborralho_300.webp"},"sameAs":["http:\/\/www.jos\u00e9borralho.com"]}]}},"_links":{"self":[{"href":"https:\/\/xn--josborralho-dbb.com\/index.php\/wp-json\/wp\/v2\/product\/4024","targetHints":{"allow":["GET"]}}],"collection":[{"href":"https:\/\/xn--josborralho-dbb.com\/index.php\/wp-json\/wp\/v2\/product"}],"about":[{"href":"https:\/\/xn--josborralho-dbb.com\/index.php\/wp-json\/wp\/v2\/types\/product"}],"replies":[{"embeddable":true,"href":"https:\/\/xn--josborralho-dbb.com\/index.php\/wp-json\/wp\/v2\/comments?post=4024"}],"wp:featuredmedia":[{"embeddable":true,"href":"https:\/\/xn--josborralho-dbb.com\/index.php\/wp-json\/wp\/v2\/media\/4025"}],"wp:attachment":[{"href":"https:\/\/xn--josborralho-dbb.com\/index.php\/wp-json\/wp\/v2\/media?parent=4024"}],"wp:term":[{"taxonomy":"product_brand","embeddable":true,"href":"https:\/\/xn--josborralho-dbb.com\/index.php\/wp-json\/wp\/v2\/product_brand?post=4024"},{"taxonomy":"product_cat","embeddable":true,"href":"https:\/\/xn--josborralho-dbb.com\/index.php\/wp-json\/wp\/v2\/product_cat?post=4024"},{"taxonomy":"product_tag","embeddable":true,"href":"https:\/\/xn--josborralho-dbb.com\/index.php\/wp-json\/wp\/v2\/product_tag?post=4024"}],"curies":[{"name":"wp","href":"https:\/\/api.w.org\/{rel}","templated":true}]}}